{"id":1402,"date":"2021-01-09T01:13:49","date_gmt":"2021-01-09T01:13:49","guid":{"rendered":"https:\/\/sucessointernetdigital.com\/?page_id=1402"},"modified":"2023-11-29T13:40:08","modified_gmt":"2023-11-29T13:40:08","slug":"contato","status":"publish","type":"page","link":"https:\/\/sucessointernetdigital.com\/oniciopedroterapeuta\/home-1\/contato\/","title":{"rendered":"Contato"},"content":{"rendered":"\t\t<div data-elementor-type=\"wp-page\" data-elementor-id=\"1402\" class=\"elementor elementor-1402\" data-elementor-post-type=\"page\">\n\t\t\t\t\t\t<section class=\"elementor-section elementor-top-section elementor-element elementor-element-c8b9854 elementor-section-boxed elementor-section-height-default elementor-section-height-default\" data-id=\"c8b9854\" data-element_type=\"section\" data-e-type=\"section\" data-settings=\"{&quot;background_background&quot;:&quot;classic&quot;}\">\n\t\t\t\t\t\t<div class=\"elementor-container elementor-column-gap-no\">\n\t\t\t\t\t<div class=\"elementor-column elementor-col-100 elementor-top-column elementor-element elementor-element-ae5e5cc\" data-id=\"ae5e5cc\" data-element_type=\"column\" data-e-type=\"column\" data-settings=\"{&quot;background_background&quot;:&quot;classic&quot;}\">\n\t\t\t<div class=\"elementor-widget-wrap elementor-element-populated\">\n\t\t\t\t\t\t<div class=\"elementor-element elementor-element-6b4a881 elementor-widget elementor-widget-heading\" data-id=\"6b4a881\" data-element_type=\"widget\" data-e-type=\"widget\" data-widget_type=\"heading.default\">\n\t\t\t\t<div class=\"elementor-widget-container\">\n\t\t\t\t\t<h1 class=\"elementor-heading-title elementor-size-default\">Contato<\/h1>\t\t\t\t<\/div>\n\t\t\t\t<\/div>\n\t\t\t\t\t<\/div>\n\t\t<\/div>\n\t\t\t\t\t<\/div>\n\t\t<\/section>\n\t\t\t\t<section class=\"elementor-section elementor-top-section elementor-element elementor-element-66d41044 elementor-section-boxed elementor-section-height-default elementor-section-height-default\" data-id=\"66d41044\" data-element_type=\"section\" data-e-type=\"section\" data-settings=\"{&quot;background_background&quot;:&quot;classic&quot;}\">\n\t\t\t\t\t\t<div class=\"elementor-container elementor-column-gap-default\">\n\t\t\t\t\t<div class=\"elementor-column elementor-col-50 elementor-top-column elementor-element elementor-element-842cfd5\" data-id=\"842cfd5\" data-element_type=\"column\" data-e-type=\"column\" data-settings=\"{&quot;background_background&quot;:&quot;classic&quot;}\">\n\t\t\t<div class=\"elementor-widget-wrap elementor-element-populated\">\n\t\t\t\t\t\t<div class=\"elementor-element elementor-element-7d0e69b elementor-hidden-tablet elementor-hidden-phone elementor-widget elementor-widget-image\" data-id=\"7d0e69b\" data-element_type=\"widget\" data-e-type=\"widget\" data-widget_type=\"image.default\">\n\t\t\t\t<div class=\"elementor-widget-container\">\n\t\t\t\t\t\t\t\t\t\t\t\t\t\t\t<img fetchpriority=\"high\" decoding=\"async\" width=\"482\" height=\"622\" src=\"https:\/\/sucessointernetdigital.com\/wp-content\/uploads\/2022\/10\/home-cabecalho1.jpg\" class=\"attachment-full size-full wp-image-6598\" alt=\"\" srcset=\"https:\/\/sucessointernetdigital.com\/wp-content\/uploads\/2022\/10\/home-cabecalho1.jpg 482w, https:\/\/sucessointernetdigital.com\/wp-content\/uploads\/2022\/10\/home-cabecalho1-232x300.jpg 232w\" sizes=\"(max-width: 482px) 100vw, 482px\" \/>\t\t\t\t\t\t\t\t\t\t\t\t\t\t\t<\/div>\n\t\t\t\t<\/div>\n\t\t\t\t<div class=\"elementor-element elementor-element-ecf61ef elementor-widget elementor-widget-heading\" data-id=\"ecf61ef\" data-element_type=\"widget\" data-e-type=\"widget\" data-widget_type=\"heading.default\">\n\t\t\t\t<div class=\"elementor-widget-container\">\n\t\t\t\t\t<h2 class=\"elementor-heading-title elementor-size-default\">On\u00edcio Pedro<\/h2>\t\t\t\t<\/div>\n\t\t\t\t<\/div>\n\t\t\t\t<div class=\"elementor-element elementor-element-c60872b elementor-widget elementor-widget-text-editor\" data-id=\"c60872b\" data-element_type=\"widget\" data-e-type=\"widget\" data-widget_type=\"text-editor.default\">\n\t\t\t\t<div class=\"elementor-widget-container\">\n\t\t\t\t\t\t\t\t\tEmpreendedor Digital, especialista em Social Media Estrat\u00e9gico com mais de 03 anos de mercado&#8230;\t\t\t\t\t\t\t\t<\/div>\n\t\t\t\t<\/div>\n\t\t\t\t<div class=\"elementor-element elementor-element-619c0ec elementor-align-center elementor-widget elementor-widget-button\" data-id=\"619c0ec\" data-element_type=\"widget\" data-e-type=\"widget\" data-widget_type=\"button.default\">\n\t\t\t\t<div class=\"elementor-widget-container\">\n\t\t\t\t\t\t\t\t\t<div class=\"elementor-button-wrapper\">\n\t\t\t\t\t<a class=\"elementor-button elementor-button-link elementor-size-sm\" href=\"https:\/\/sucessointernetdigital.com\/?page_id=5740\">\n\t\t\t\t\t\t<span class=\"elementor-button-content-wrapper\">\n\t\t\t\t\t\t\t\t\t<span class=\"elementor-button-text\">SAIBA +<\/span>\n\t\t\t\t\t<\/span>\n\t\t\t\t\t<\/a>\n\t\t\t\t<\/div>\n\t\t\t\t\t\t\t\t<\/div>\n\t\t\t\t<\/div>\n\t\t\t\t<div class=\"elementor-element elementor-element-ffab618 elementor-widget elementor-widget-button\" data-id=\"ffab618\" data-element_type=\"widget\" data-e-type=\"widget\" data-widget_type=\"button.default\">\n\t\t\t\t<div class=\"elementor-widget-container\">\n\t\t\t\t\t\t\t\t\t<div class=\"elementor-button-wrapper\">\n\t\t\t\t\t<a class=\"elementor-button elementor-button-link elementor-size-sm\" href=\"https:\/\/api.whatsapp.com\/send?phone=5534999416331&#038;text=Ol%C3%A1%20Tudo%20bem%3F%20Eu%20quero%20saber%20como.\">\n\t\t\t\t\t\t<span class=\"elementor-button-content-wrapper\">\n\t\t\t\t\t\t\t\t\t<span class=\"elementor-button-text\">D\u00favidas e Informa\u00e7\u00f5es WhatsApp 34-99941-6331<\/span>\n\t\t\t\t\t<\/span>\n\t\t\t\t\t<\/a>\n\t\t\t\t<\/div>\n\t\t\t\t\t\t\t\t<\/div>\n\t\t\t\t<\/div>\n\t\t\t\t<div class=\"elementor-element elementor-element-00bead9 elementor-widget elementor-widget-heading\" data-id=\"00bead9\" data-element_type=\"widget\" data-e-type=\"widget\" data-widget_type=\"heading.default\">\n\t\t\t\t<div class=\"elementor-widget-container\">\n\t\t\t\t\t<h1 class=\"elementor-heading-title elementor-size-default\">Redes Sociais<\/h1>\t\t\t\t<\/div>\n\t\t\t\t<\/div>\n\t\t\t\t<div class=\"elementor-element elementor-element-8b8b45e ignore-toc elementor-shape-rounded elementor-grid-0 e-grid-align-center elementor-widget elementor-widget-social-icons\" data-id=\"8b8b45e\" data-element_type=\"widget\" data-e-type=\"widget\" data-widget_type=\"social-icons.default\">\n\t\t\t\t<div class=\"elementor-widget-container\">\n\t\t\t\t\t\t\t<div class=\"elementor-social-icons-wrapper elementor-grid\" role=\"list\">\n\t\t\t\t\t\t\t<span class=\"elementor-grid-item\" role=\"listitem\">\n\t\t\t\t\t<a class=\"elementor-icon elementor-social-icon elementor-social-icon-instagram elementor-animation-bounce-in elementor-repeater-item-323f473\" href=\"https:\/\/instagram.com\/oniciopedrosocialmedia\" target=\"_blank\">\n\t\t\t\t\t\t<span class=\"elementor-screen-only\">Instagram<\/span>\n\t\t\t\t\t\t<i aria-hidden=\"true\" class=\"fab fa-instagram\"><\/i>\t\t\t\t\t<\/a>\n\t\t\t\t<\/span>\n\t\t\t\t\t\t\t<span class=\"elementor-grid-item\" role=\"listitem\">\n\t\t\t\t\t<a class=\"elementor-icon elementor-social-icon elementor-social-icon-whatsapp elementor-animation-bounce-in elementor-repeater-item-a9a9615\" href=\"https:\/\/api.whatsapp.com\/send?phone=5534999416331&#038;text=Ol%C3%A1%20Tudo%20bem%3F%20Eu%20quero%20saber%20como.\" target=\"_blank\">\n\t\t\t\t\t\t<span class=\"elementor-screen-only\">Whatsapp<\/span>\n\t\t\t\t\t\t<i aria-hidden=\"true\" class=\"fab fa-whatsapp\"><\/i>\t\t\t\t\t<\/a>\n\t\t\t\t<\/span>\n\t\t\t\t\t<\/div>\n\t\t\t\t\t\t<\/div>\n\t\t\t\t<\/div>\n\t\t\t\t\t<\/div>\n\t\t<\/div>\n\t\t\t\t<div class=\"elementor-column elementor-col-50 elementor-top-column elementor-element elementor-element-1925304\" data-id=\"1925304\" data-element_type=\"column\" data-e-type=\"column\" data-settings=\"{&quot;background_background&quot;:&quot;classic&quot;}\">\n\t\t\t<div class=\"elementor-widget-wrap elementor-element-populated\">\n\t\t\t\t\t\t<div class=\"elementor-element elementor-element-1d0a350 elementor-widget elementor-widget-text-editor\" data-id=\"1d0a350\" data-element_type=\"widget\" data-e-type=\"widget\" data-widget_type=\"text-editor.default\">\n\t\t\t\t<div class=\"elementor-widget-container\">\n\t\t\t\t\t\t\t\t\t<p>\n<div class=\"wpcf7 no-js\" id=\"wpcf7-f851-o1\" lang=\"pt-BR\" dir=\"ltr\" data-wpcf7-id=\"851\">\n<div class=\"screen-reader-response\"><p role=\"status\" aria-live=\"polite\" aria-atomic=\"true\"><\/p> <ul><\/ul><\/div>\n<form action=\"\/oniciopedroterapeuta\/wp-json\/wp\/v2\/pages\/1402#wpcf7-f851-o1\" method=\"post\" class=\"wpcf7-form init\" aria-label=\"Formul\u00e1rios de contato\" novalidate=\"novalidate\" data-status=\"init\">\n<fieldset class=\"hidden-fields-container\"><input type=\"hidden\" name=\"_wpcf7\" value=\"851\" \/><input type=\"hidden\" name=\"_wpcf7_version\" value=\"6.1.6\" \/><input type=\"hidden\" name=\"_wpcf7_locale\" value=\"pt_BR\" \/><input type=\"hidden\" name=\"_wpcf7_unit_tag\" value=\"wpcf7-f851-o1\" \/><input type=\"hidden\" name=\"_wpcf7_container_post\" value=\"0\" \/><input type=\"hidden\" name=\"_wpcf7_posted_data_hash\" value=\"\" \/>\n<\/fieldset>\n<p><label> Seu nome (obrigat\u00f3rio)<br \/>\n<span class=\"wpcf7-form-control-wrap\" data-name=\"your-name\"><input size=\"40\" maxlength=\"400\" class=\"wpcf7-form-control wpcf7-text wpcf7-validates-as-required\" aria-required=\"true\" aria-invalid=\"false\" value=\"\" type=\"text\" name=\"your-name\" \/><\/span> <\/label>\n<\/p>\n<p><label> Seu e-mail (obrigat\u00f3rio)<br \/>\n<span class=\"wpcf7-form-control-wrap\" data-name=\"your-email\"><input size=\"40\" maxlength=\"400\" class=\"wpcf7-form-control wpcf7-email wpcf7-validates-as-required wpcf7-text wpcf7-validates-as-email\" aria-required=\"true\" aria-invalid=\"false\" value=\"\" type=\"email\" name=\"your-email\" \/><\/span> <\/label>\n<\/p>\n<p><label> Assunto<br \/>\n<span class=\"wpcf7-form-control-wrap\" data-name=\"your-subject\"><input size=\"40\" maxlength=\"400\" class=\"wpcf7-form-control wpcf7-text\" aria-invalid=\"false\" value=\"\" type=\"text\" name=\"your-subject\" \/><\/span> <\/label>\n<\/p>\n<p><label> Sua mensagem<br \/>\n<span class=\"wpcf7-form-control-wrap\" data-name=\"your-message\"><textarea cols=\"40\" rows=\"10\" maxlength=\"2000\" class=\"wpcf7-form-control wpcf7-textarea\" aria-invalid=\"false\" name=\"your-message\"><\/textarea><\/span> <\/label>\n<\/p>\n<p><input class=\"wpcf7-form-control wpcf7-submit has-spinner\" type=\"submit\" value=\"Enviar\" \/>\n<\/p><p style=\"display: none !important;\" class=\"akismet-fields-container\" data-prefix=\"_wpcf7_ak_\"><label>&#916;<textarea name=\"_wpcf7_ak_hp_textarea\" cols=\"45\" rows=\"8\" maxlength=\"100\"><\/textarea><\/label><input type=\"hidden\" id=\"ak_js_1\" name=\"_wpcf7_ak_js\" value=\"110\"\/><script>\ndocument.getElementById( \"ak_js_1\" ).setAttribute( \"value\", ( new Date() ).getTime() );\n<\/script>\n<\/p><div class=\"wpcf7-response-output\" aria-hidden=\"true\"><\/div>\n<\/form>\n<\/div>\n<br \/><!-- \/wp:shortcode --><\/p>\n<p><!-- wp:paragraph --><\/p>\n<p>Whatsapp: 034-99941-6331<\/p>\n<p><!-- \/wp:paragraph --><\/p>\n<p><!-- wp:paragraph --><\/p>\n<p>Email: oniciopedrodigitaladm@gmail.com<\/p>\n<p><!-- \/wp:paragraph --><\/p>\n<p><!-- wp:paragraph --><\/p>\n<p><!-- \/wp:paragraph --><\/p>\n<p><!-- wp:paragraph --><\/p>\n<p><!-- \/wp:paragraph --><\/p>\n<p><!-- wp:paragraph --><\/p>\n<p><!-- \/wp:paragraph --><\/p>\n<p><!-- wp:paragraph --><\/p>\n<p>Instagram <a href=\"https:\/\/instagram.com\/oniciopedrosocialmedia\" target=\"_blank\" rel=\"noreferrer noopener\">https:\/\/instagram.com\/oniciopedrosocialmedia<\/a><\/p>\n<p><!-- \/wp:paragraph --><\/p>\t\t\t\t\t\t\t\t<\/div>\n\t\t\t\t<\/div>\n\t\t\t\t\t<\/div>\n\t\t<\/div>\n\t\t\t\t\t<\/div>\n\t\t<\/section>\n\t\t\t\t<\/div>\n\t\t","protected":false},"excerpt":{"rendered":"<p>Contato On\u00edcio Pedro Empreendedor Digital, especialista em Social Media Estrat\u00e9gico com mais de 03 anos de mercado&#8230; SAIBA + D\u00favidas e Informa\u00e7\u00f5es WhatsApp 34-99941-6331 Redes Sociais Instagram Whatsapp Whatsapp: 034-99941-6331 Email: oniciopedrodigitaladm@gmail.com Instagram https:\/\/instagram.com\/oniciopedrosocialmedia<\/p>\n","protected":false},"author":1,"featured_media":0,"parent":103,"menu_order":0,"comment_status":"closed","ping_status":"closed","template":"elementor_header_footer","meta":{"om_disable_all_campaigns":false,"sfsi_plus_gutenberg_text_before_share":"","sfsi_plus_gutenberg_show_text_before_share":"","sfsi_plus_gutenberg_icon_type":"","sfsi_plus_gutenberg_icon_alignemt":"","sfsi_plus_gutenburg_max_per_row":"","_monsterinsights_skip_tracking":false,"_monsterinsights_sitenote_active":false,"_monsterinsights_sitenote_note":"","_monsterinsights_sitenote_category":0,"site-sidebar-layout":"no-sidebar","site-content-layout":"default","ast-site-content-layout":"default","site-content-style":"default","site-sidebar-style":"default","ast-global-header-display":"","ast-banner-title-visibility":"","ast-main-header-display":"","ast-hfb-above-header-display":"","ast-hfb-below-header-display":"","ast-hfb-mobile-header-display":"","site-post-title":"disabled","ast-breadcrumbs-content":"","ast-featured-img":"disabled","footer-sml-layout":"","ast-disable-related-posts":"","theme-transparent-header-meta":"default","adv-header-id-meta":"","stick-header-meta":"","header-above-stick-meta":"","header-main-stick-meta":"","header-below-stick-meta":"","astra-migrate-meta-layouts":"default","ast-page-background-enabled":"default","ast-page-background-meta":{"desktop":{"background-color":"","background-image":"","background-repeat":"repeat","background-position":"center center","background-size":"auto","background-attachment":"scroll","background-type":"","background-media":"","overlay-type":"","overlay-color":"","overlay-opacity":"","overlay-gradient":""},"tablet":{"background-color":"","background-image":"","background-repeat":"repeat","background-position":"center center","background-size":"auto","background-attachment":"scroll","background-type":"","background-media":"","overlay-type":"","overlay-color":"","overlay-opacity":"","overlay-gradient":""},"mobile":{"background-color":"","background-image":"","background-repeat":"repeat","background-position":"center center","background-size":"auto","background-attachment":"scroll","background-type":"","background-media":"","overlay-type":"","overlay-color":"","overlay-opacity":"","overlay-gradient":""}},"ast-content-background-meta":{"desktop":{"background-color":"var(--ast-global-color-5)","background-image":"","background-repeat":"repeat","background-position":"center center","background-size":"auto","background-attachment":"scroll","background-type":"","background-media":"","overlay-type":"","overlay-color":"","overlay-opacity":"","overlay-gradient":""},"tablet":{"background-color":"var(--ast-global-color-5)","background-image":"","background-repeat":"repeat","background-position":"center center","background-size":"auto","background-attachment":"scroll","background-type":"","background-media":"","overlay-type":"","overlay-color":"","overlay-opacity":"","overlay-gradient":""},"mobile":{"background-color":"var(--ast-global-color-5)","background-image":"","background-repeat":"repeat","background-position":"center center","background-size":"auto","background-attachment":"scroll","background-type":"","background-media":"","overlay-type":"","overlay-color":"","overlay-opacity":"","overlay-gradient":""}},"footnotes":""},"class_list":["post-1402","page","type-page","status-publish","hentry"],"yoast_head":"<!-- This site is optimized with the Yoast SEO plugin v27.6 - https:\/\/yoast.com\/product\/yoast-seo-wordpress\/ -->\n<title>Contato - SucessoInternetDigital\/Onicio Pedro Terapeuta<\/title>\n<meta name=\"robots\" content=\"index, follow, max-snippet:-1, max-image-preview:large, max-video-preview:-1\" \/>\n<link rel=\"canonical\" href=\"https:\/\/sucessointernetdigital.com\/oniciopedroterapeuta\/home-1\/contato\/\" \/>\n<meta property=\"og:locale\" content=\"pt_BR\" \/>\n<meta property=\"og:type\" content=\"article\" \/>\n<meta property=\"og:title\" content=\"Contato - SucessoInternetDigital\/Onicio Pedro Terapeuta\" \/>\n<meta property=\"og:description\" content=\"Contato On\u00edcio Pedro Empreendedor Digital, especialista em Social Media Estrat\u00e9gico com mais de 03 anos de mercado&#8230; SAIBA + D\u00favidas e Informa\u00e7\u00f5es WhatsApp 34-99941-6331 Redes Sociais Instagram Whatsapp Whatsapp: 034-99941-6331 Email: oniciopedrodigitaladm@gmail.com Instagram https:\/\/instagram.com\/oniciopedrosocialmedia\" \/>\n<meta property=\"og:url\" content=\"https:\/\/sucessointernetdigital.com\/oniciopedroterapeuta\/home-1\/contato\/\" \/>\n<meta property=\"og:site_name\" content=\"SucessoInternetDigital\/Onicio Pedro Terapeuta\" \/>\n<meta property=\"article:modified_time\" content=\"2023-11-29T13:40:08+00:00\" \/>\n<meta property=\"og:image\" content=\"https:\/\/sucessointernetdigital.com\/wp-content\/uploads\/2022\/10\/home-cabecalho1.jpg\" \/>\n<meta name=\"twitter:card\" content=\"summary_large_image\" \/>\n<meta name=\"twitter:label1\" content=\"Est. tempo de leitura\" \/>\n\t<meta name=\"twitter:data1\" content=\"1 minuto\" \/>\n<script type=\"application\/ld+json\" class=\"yoast-schema-graph\">{\"@context\":\"https:\\\/\\\/schema.org\",\"@graph\":[{\"@type\":\"WebPage\",\"@id\":\"https:\\\/\\\/sucessointernetdigital.com\\\/oniciopedroterapeuta\\\/home-1\\\/contato\\\/\",\"url\":\"https:\\\/\\\/sucessointernetdigital.com\\\/oniciopedroterapeuta\\\/home-1\\\/contato\\\/\",\"name\":\"Contato - SucessoInternetDigital\\\/Onicio Pedro Terapeuta\",\"isPartOf\":{\"@id\":\"https:\\\/\\\/sucessointernetdigital.com\\\/oniciopedroterapeuta\\\/#website\"},\"primaryImageOfPage\":{\"@id\":\"https:\\\/\\\/sucessointernetdigital.com\\\/oniciopedroterapeuta\\\/home-1\\\/contato\\\/#primaryimage\"},\"image\":{\"@id\":\"https:\\\/\\\/sucessointernetdigital.com\\\/oniciopedroterapeuta\\\/home-1\\\/contato\\\/#primaryimage\"},\"thumbnailUrl\":\"https:\\\/\\\/sucessointernetdigital.com\\\/wp-content\\\/uploads\\\/2022\\\/10\\\/home-cabecalho1.jpg\",\"datePublished\":\"2021-01-09T01:13:49+00:00\",\"dateModified\":\"2023-11-29T13:40:08+00:00\",\"breadcrumb\":{\"@id\":\"https:\\\/\\\/sucessointernetdigital.com\\\/oniciopedroterapeuta\\\/home-1\\\/contato\\\/#breadcrumb\"},\"inLanguage\":\"pt-BR\",\"potentialAction\":[{\"@type\":\"ReadAction\",\"target\":[\"https:\\\/\\\/sucessointernetdigital.com\\\/oniciopedroterapeuta\\\/home-1\\\/contato\\\/\"]}]},{\"@type\":\"ImageObject\",\"inLanguage\":\"pt-BR\",\"@id\":\"https:\\\/\\\/sucessointernetdigital.com\\\/oniciopedroterapeuta\\\/home-1\\\/contato\\\/#primaryimage\",\"url\":\"https:\\\/\\\/sucessointernetdigital.com\\\/wp-content\\\/uploads\\\/2022\\\/10\\\/home-cabecalho1.jpg\",\"contentUrl\":\"https:\\\/\\\/sucessointernetdigital.com\\\/wp-content\\\/uploads\\\/2022\\\/10\\\/home-cabecalho1.jpg\"},{\"@type\":\"BreadcrumbList\",\"@id\":\"https:\\\/\\\/sucessointernetdigital.com\\\/oniciopedroterapeuta\\\/home-1\\\/contato\\\/#breadcrumb\",\"itemListElement\":[{\"@type\":\"ListItem\",\"position\":1,\"name\":\"In\u00edcio\",\"item\":\"https:\\\/\\\/sucessointernetdigital.com\\\/oniciopedroterapeuta\\\/\"},{\"@type\":\"ListItem\",\"position\":2,\"name\":\"Pagina Principal &#8211; Atual\",\"item\":\"https:\\\/\\\/sucessointernetdigital.com\\\/oniciopedroterapeuta\\\/home-1\\\/\"},{\"@type\":\"ListItem\",\"position\":3,\"name\":\"Contato\"}]},{\"@type\":\"WebSite\",\"@id\":\"https:\\\/\\\/sucessointernetdigital.com\\\/oniciopedroterapeuta\\\/#website\",\"url\":\"https:\\\/\\\/sucessointernetdigital.com\\\/oniciopedroterapeuta\\\/\",\"name\":\"SucessoInternetDigital\\\/Onicio Pedro Terapeuta\",\"description\":\"\",\"potentialAction\":[{\"@type\":\"SearchAction\",\"target\":{\"@type\":\"EntryPoint\",\"urlTemplate\":\"https:\\\/\\\/sucessointernetdigital.com\\\/oniciopedroterapeuta\\\/?s={search_term_string}\"},\"query-input\":{\"@type\":\"PropertyValueSpecification\",\"valueRequired\":true,\"valueName\":\"search_term_string\"}}],\"inLanguage\":\"pt-BR\"}]}<\/script>\n<!-- \/ Yoast SEO plugin. -->","yoast_head_json":{"title":"Contato - SucessoInternetDigital\/Onicio Pedro Terapeuta","robots":{"index":"index","follow":"follow","max-snippet":"max-snippet:-1","max-image-preview":"max-image-preview:large","max-video-preview":"max-video-preview:-1"},"canonical":"https:\/\/sucessointernetdigital.com\/oniciopedroterapeuta\/home-1\/contato\/","og_locale":"pt_BR","og_type":"article","og_title":"Contato - SucessoInternetDigital\/Onicio Pedro Terapeuta","og_description":"Contato On\u00edcio Pedro Empreendedor Digital, especialista em Social Media Estrat\u00e9gico com mais de 03 anos de mercado&#8230; SAIBA + D\u00favidas e Informa\u00e7\u00f5es WhatsApp 34-99941-6331 Redes Sociais Instagram Whatsapp Whatsapp: 034-99941-6331 Email: oniciopedrodigitaladm@gmail.com Instagram https:\/\/instagram.com\/oniciopedrosocialmedia","og_url":"https:\/\/sucessointernetdigital.com\/oniciopedroterapeuta\/home-1\/contato\/","og_site_name":"SucessoInternetDigital\/Onicio Pedro Terapeuta","article_modified_time":"2023-11-29T13:40:08+00:00","og_image":[{"url":"https:\/\/sucessointernetdigital.com\/wp-content\/uploads\/2022\/10\/home-cabecalho1.jpg","type":"","width":"","height":""}],"twitter_card":"summary_large_image","twitter_misc":{"Est. tempo de leitura":"1 minuto"},"schema":{"@context":"https:\/\/schema.org","@graph":[{"@type":"WebPage","@id":"https:\/\/sucessointernetdigital.com\/oniciopedroterapeuta\/home-1\/contato\/","url":"https:\/\/sucessointernetdigital.com\/oniciopedroterapeuta\/home-1\/contato\/","name":"Contato - SucessoInternetDigital\/Onicio Pedro Terapeuta","isPartOf":{"@id":"https:\/\/sucessointernetdigital.com\/oniciopedroterapeuta\/#website"},"primaryImageOfPage":{"@id":"https:\/\/sucessointernetdigital.com\/oniciopedroterapeuta\/home-1\/contato\/#primaryimage"},"image":{"@id":"https:\/\/sucessointernetdigital.com\/oniciopedroterapeuta\/home-1\/contato\/#primaryimage"},"thumbnailUrl":"https:\/\/sucessointernetdigital.com\/wp-content\/uploads\/2022\/10\/home-cabecalho1.jpg","datePublished":"2021-01-09T01:13:49+00:00","dateModified":"2023-11-29T13:40:08+00:00","breadcrumb":{"@id":"https:\/\/sucessointernetdigital.com\/oniciopedroterapeuta\/home-1\/contato\/#breadcrumb"},"inLanguage":"pt-BR","potentialAction":[{"@type":"ReadAction","target":["https:\/\/sucessointernetdigital.com\/oniciopedroterapeuta\/home-1\/contato\/"]}]},{"@type":"ImageObject","inLanguage":"pt-BR","@id":"https:\/\/sucessointernetdigital.com\/oniciopedroterapeuta\/home-1\/contato\/#primaryimage","url":"https:\/\/sucessointernetdigital.com\/wp-content\/uploads\/2022\/10\/home-cabecalho1.jpg","contentUrl":"https:\/\/sucessointernetdigital.com\/wp-content\/uploads\/2022\/10\/home-cabecalho1.jpg"},{"@type":"BreadcrumbList","@id":"https:\/\/sucessointernetdigital.com\/oniciopedroterapeuta\/home-1\/contato\/#breadcrumb","itemListElement":[{"@type":"ListItem","position":1,"name":"In\u00edcio","item":"https:\/\/sucessointernetdigital.com\/oniciopedroterapeuta\/"},{"@type":"ListItem","position":2,"name":"Pagina Principal &#8211; Atual","item":"https:\/\/sucessointernetdigital.com\/oniciopedroterapeuta\/home-1\/"},{"@type":"ListItem","position":3,"name":"Contato"}]},{"@type":"WebSite","@id":"https:\/\/sucessointernetdigital.com\/oniciopedroterapeuta\/#website","url":"https:\/\/sucessointernetdigital.com\/oniciopedroterapeuta\/","name":"SucessoInternetDigital\/Onicio Pedro Terapeuta","description":"","potentialAction":[{"@type":"SearchAction","target":{"@type":"EntryPoint","urlTemplate":"https:\/\/sucessointernetdigital.com\/oniciopedroterapeuta\/?s={search_term_string}"},"query-input":{"@type":"PropertyValueSpecification","valueRequired":true,"valueName":"search_term_string"}}],"inLanguage":"pt-BR"}]}},"_links":{"self":[{"href":"https:\/\/sucessointernetdigital.com\/oniciopedroterapeuta\/wp-json\/wp\/v2\/pages\/1402","targetHints":{"allow":["GET"]}}],"collection":[{"href":"https:\/\/sucessointernetdigital.com\/oniciopedroterapeuta\/wp-json\/wp\/v2\/pages"}],"about":[{"href":"https:\/\/sucessointernetdigital.com\/oniciopedroterapeuta\/wp-json\/wp\/v2\/types\/page"}],"author":[{"embeddable":true,"href":"https:\/\/sucessointernetdigital.com\/oniciopedroterapeuta\/wp-json\/wp\/v2\/users\/1"}],"replies":[{"embeddable":true,"href":"https:\/\/sucessointernetdigital.com\/oniciopedroterapeuta\/wp-json\/wp\/v2\/comments?post=1402"}],"version-history":[{"count":112,"href":"https:\/\/sucessointernetdigital.com\/oniciopedroterapeuta\/wp-json\/wp\/v2\/pages\/1402\/revisions"}],"predecessor-version":[{"id":10587,"href":"https:\/\/sucessointernetdigital.com\/oniciopedroterapeuta\/wp-json\/wp\/v2\/pages\/1402\/revisions\/10587"}],"up":[{"embeddable":true,"href":"https:\/\/sucessointernetdigital.com\/oniciopedroterapeuta\/wp-json\/wp\/v2\/pages\/103"}],"wp:attachment":[{"href":"https:\/\/sucessointernetdigital.com\/oniciopedroterapeuta\/wp-json\/wp\/v2\/media?parent=1402"}],"curies":[{"name":"wp","href":"https:\/\/api.w.org\/{rel}","templated":true}]}}